{"id":1360,"date":"2021-09-17T06:48:12","date_gmt":"2021-09-17T06:48:12","guid":{"rendered":"http:\/\/garfer.net\/?page_id=1360"},"modified":"2021-10-07T09:37:23","modified_gmt":"2021-10-07T09:37:23","slug":"qui-sommes-nous","status":"publish","type":"page","link":"http:\/\/garfer.net\/fr\/qui-sommes-nous\/","title":{"rendered":"QUI SOMMES-NOUS ?"},"content":{"rendered":"\t\t<div data-elementor-type=\"wp-post\" data-elementor-id=\"1360\" class=\"elementor elementor-1360 elementor-10\">\n\t\t\t\t\t\t<section class=\"elementor-section elementor-top-section elementor-element elementor-element-22323f1 elementor-section-boxed elementor-section-height-default elementor-section-height-default\" data-id=\"22323f1\" data-element_type=\"section\" data-e-type=\"section\">\n\t\t\t\t\t\t<div class=\"elementor-container elementor-column-gap-default\">\n\t\t\t\t\t<div class=\"elementor-column elementor-col-50 elementor-top-column elementor-element elementor-element-f543aea elementor-invisible\" data-id=\"f543aea\" data-element_type=\"column\" data-e-type=\"column\" data-settings=\"{&quot;animation&quot;:&quot;fadeInLeft&quot;}\">\n\t\t\t<div class=\"elementor-widget-wrap elementor-element-populated\">\n\t\t\t\t\t\t<section class=\"elementor-section elementor-inner-section elementor-element elementor-element-d679d20 elementor-section-boxed elementor-section-height-default elementor-section-height-default\" data-id=\"d679d20\" data-element_type=\"section\" data-e-type=\"section\">\n\t\t\t\t\t\t<div class=\"elementor-container elementor-column-gap-default\">\n\t\t\t\t\t<div class=\"elementor-column elementor-col-100 elementor-inner-column elementor-element elementor-element-3c30b83\" data-id=\"3c30b83\" data-element_type=\"column\" data-e-type=\"column\">\n\t\t\t<div class=\"elementor-widget-wrap elementor-element-populated\">\n\t\t\t\t\t\t<div class=\"elementor-element elementor-element-18cbf32 elementor-widget elementor-widget-heading\" data-id=\"18cbf32\" data-element_type=\"widget\" data-e-type=\"widget\" data-widget_type=\"heading.default\">\n\t\t\t\t<div class=\"elementor-widget-container\">\n\t\t\t\t\t<h2 class=\"elementor-heading-title elementor-size-default\">QUI SOMMES-NOUS ?<\/h2>\t\t\t\t<\/div>\n\t\t\t\t<\/div>\n\t\t\t\t<div class=\"elementor-element elementor-element-9471b0f elementor-widget elementor-widget-heading\" data-id=\"9471b0f\" data-element_type=\"widget\" data-e-type=\"widget\" data-widget_type=\"heading.default\">\n\t\t\t\t<div class=\"elementor-widget-container\">\n\t\t\t\t\t<h2 class=\"elementor-heading-title elementor-size-default\">HISTOIRE<\/h2>\t\t\t\t<\/div>\n\t\t\t\t<\/div>\n\t\t\t\t\t<\/div>\n\t\t<\/div>\n\t\t\t\t\t<\/div>\n\t\t<\/section>\n\t\t\t\t\t<\/div>\n\t\t<\/div>\n\t\t\t\t<div class=\"elementor-column elementor-col-50 elementor-top-column elementor-element elementor-element-38a42f3 elementor-invisible\" data-id=\"38a42f3\" data-element_type=\"column\" data-e-type=\"column\" data-settings=\"{&quot;animation&quot;:&quot;fadeInDown&quot;}\">\n\t\t\t<div class=\"elementor-widget-wrap elementor-element-populated\">\n\t\t\t\t\t\t<div class=\"elementor-element elementor-element-2d54fb0 elementor-widget elementor-widget-image\" data-id=\"2d54fb0\" data-element_type=\"widget\" data-e-type=\"widget\" data-widget_type=\"image.default\">\n\t\t\t\t<div class=\"elementor-widget-container\">\n\t\t\t\t\t\t\t\t\t\t\t\t\t\t\t<img decoding=\"async\" src=\"\/wp-content\/uploads\/2021\/10\/chopera-y-camino-2.jpg\" title=\"\" alt=\"\" loading=\"lazy\" \/>\t\t\t\t\t\t\t\t\t\t\t\t\t\t\t<\/div>\n\t\t\t\t<\/div>\n\t\t\t\t<div class=\"elementor-element elementor-element-0f8a467 elementor-widget elementor-widget-text-editor\" data-id=\"0f8a467\" data-element_type=\"widget\" data-e-type=\"widget\" data-widget_type=\"text-editor.default\">\n\t\t\t\t<div class=\"elementor-widget-container\">\n\t\t\t\t\t\t\t\t\t<p><strong>Tableros GARFER<\/strong> est une entreprise familiale, fruit de trois g\u00e9n\u00e9rations, ayant 70 ans d\u2019exp\u00e9rience dans le bois. \u00c0 l\u2019origine, elle se consacrait \u00e0 la scierie, et depuis les 50 derni\u00e8res ann\u00e9es elle se d\u00e9die au d\u00e9roulage du bois et \u00e0 la fabrication de planches.<\/p><p>Nous travaillons avec des troncs de peuplier, de pin et de h\u00eatre. Apr\u00e8s le d\u00e9roulage et le s\u00e9chage du placage, le pressage et l&#8217;usinage, nous obtenons des pi\u00e8ces finies directement utilisables dans de nombreux secteurs industriels.<\/p><p>Une petite \u00e9quipe de personnes, toujours pr\u00eates \u00e0 collaborer avec nos clients et \u00e0 leur apporter des solutions \u00e0 leurs probl\u00e8mes, a rendu possible la reconnaissance de <strong>Tableros GARFER<\/strong> sur le march\u00e9.<\/p>\t\t\t\t\t\t\t\t<\/div>\n\t\t\t\t<\/div>\n\t\t\t\t\t<\/div>\n\t\t<\/div>\n\t\t\t\t\t<\/div>\n\t\t<\/section>\n\t\t\t\t<section class=\"elementor-section elementor-top-section elementor-element elementor-element-186faf9 elementor-section-full_width elementor-section-height-min-height elementor-section-stretched elementor-section-height-default elementor-section-items-middle\" data-id=\"186faf9\" data-element_type=\"section\" data-e-type=\"section\" data-settings=\"{&quot;stretch_section&quot;:&quot;section-stretched&quot;,&quot;background_background&quot;:&quot;classic&quot;}\">\n\t\t\t\t\t\t<div class=\"elementor-container elementor-column-gap-default\">\n\t\t\t\t\t<div class=\"elementor-column elementor-col-100 elementor-top-column elementor-element elementor-element-1ff64a7\" data-id=\"1ff64a7\" data-element_type=\"column\" data-e-type=\"column\">\n\t\t\t<div class=\"elementor-widget-wrap elementor-element-populated\">\n\t\t\t\t\t\t<section class=\"elementor-section elementor-inner-section elementor-element elementor-element-228374d elementor-section-boxed elementor-section-height-default elementor-section-height-default\" data-id=\"228374d\" data-element_type=\"section\" data-e-type=\"section\">\n\t\t\t\t\t\t<div class=\"elementor-container elementor-column-gap-default\">\n\t\t\t\t\t<div class=\"elementor-column elementor-col-50 elementor-inner-column elementor-element elementor-element-117fac9\" data-id=\"117fac9\" data-element_type=\"column\" data-e-type=\"column\">\n\t\t\t<div class=\"elementor-widget-wrap elementor-element-populated\">\n\t\t\t\t\t\t<div class=\"elementor-element elementor-element-30637b9 elementor-widget elementor-widget-heading\" data-id=\"30637b9\" data-element_type=\"widget\" data-e-type=\"widget\" data-widget_type=\"heading.default\">\n\t\t\t\t<div class=\"elementor-widget-container\">\n\t\t\t\t\t<h2 class=\"elementor-heading-title elementor-size-default\"><p data-pm-slice=\"1 1 []\"> \u00c9co-efficacit\u00e9<\/p><\/h2>\t\t\t\t<\/div>\n\t\t\t\t<\/div>\n\t\t\t\t\t<\/div>\n\t\t<\/div>\n\t\t\t\t<div class=\"elementor-column elementor-col-50 elementor-inner-column elementor-element elementor-element-ecec5fb\" data-id=\"ecec5fb\" data-element_type=\"column\" data-e-type=\"column\">\n\t\t\t<div class=\"elementor-widget-wrap elementor-element-populated\">\n\t\t\t\t\t\t<div class=\"elementor-element elementor-element-1b8d67e elementor-widget elementor-widget-text-editor\" data-id=\"1b8d67e\" data-element_type=\"widget\" data-e-type=\"widget\" data-widget_type=\"text-editor.default\">\n\t\t\t\t<div class=\"elementor-widget-container\">\n\t\t\t\t\t\t\t\t\t<p data-pm-slice=\"1 1 []\">Le bois qui arrive \u00e0 l&#8217;usine le fait avec des sources certifi\u00e9es PEFC et contr\u00f4l\u00e9es PEFC et Tableros Garfer, S.A. dispose d&#8217;un syst\u00e8me de contr\u00f4le de garde avec le num\u00e9ro PEFC 14-34-00003. Nos clients, conscients de l&#8217;importance de la durabilit\u00e9 foresti\u00e8re, nous demandent des articles PEFC pour leurs produits finaux.&nbsp;<\/p>\t\t\t\t\t\t\t\t<\/div>\n\t\t\t\t<\/div>\n\t\t\t\t\t<\/div>\n\t\t<\/div>\n\t\t\t\t\t<\/div>\n\t\t<\/section>\n\t\t\t\t\t<\/div>\n\t\t<\/div>\n\t\t\t\t\t<\/div>\n\t\t<\/section>\n\t\t\t\t<\/div>\n\t\t","protected":false},"excerpt":{"rendered":"<p>QUI SOMMES-NOUS ? HISTOIRE Tableros GARFER est une entreprise familiale, fruit de trois g\u00e9n\u00e9rations, ayant 70 ans d\u2019exp\u00e9rience dans le bois. \u00c0 l\u2019origine, elle se consacrait \u00e0 la scierie, et depuis les 50 derni\u00e8res ann\u00e9es elle se d\u00e9die au d\u00e9roulage du bois et \u00e0 la fabrication de planches. Nous travaillons avec des troncs de peuplier, [&hellip;]<\/p>\n","protected":false},"author":1,"featured_media":0,"parent":0,"menu_order":0,"comment_status":"closed","ping_status":"closed","template":"page-templates\/fullwidth-content.php","meta":{"inline_featured_image":false,"footnotes":""},"class_list":["post-1360","page","type-page","status-publish","hentry"],"yoast_head":"<!-- This site is optimized with the Yoast SEO plugin v27.3 - https:\/\/yoast.com\/product\/yoast-seo-wordpress\/ -->\n<title>QUI SOMMES-NOUS ? - GARFER<\/title>\n<meta name=\"robots\" content=\"index, follow, max-snippet:-1, max-image-preview:large, max-video-preview:-1\" \/>\n<link rel=\"canonical\" href=\"http:\/\/garfer.net\/fr\/qui-sommes-nous\/\" \/>\n<meta property=\"og:locale\" content=\"fr_FR\" \/>\n<meta property=\"og:type\" content=\"article\" \/>\n<meta property=\"og:title\" content=\"QUI SOMMES-NOUS ? - GARFER\" \/>\n<meta property=\"og:description\" content=\"QUI SOMMES-NOUS ? HISTOIRE Tableros GARFER est une entreprise familiale, fruit de trois g\u00e9n\u00e9rations, ayant 70 ans d\u2019exp\u00e9rience dans le bois. \u00c0 l\u2019origine, elle se consacrait \u00e0 la scierie, et depuis les 50 derni\u00e8res ann\u00e9es elle se d\u00e9die au d\u00e9roulage du bois et \u00e0 la fabrication de planches. Nous travaillons avec des troncs de peuplier, [&hellip;]\" \/>\n<meta property=\"og:url\" content=\"http:\/\/garfer.net\/fr\/qui-sommes-nous\/\" \/>\n<meta property=\"og:site_name\" content=\"GARFER\" \/>\n<meta property=\"article:modified_time\" content=\"2021-10-07T09:37:23+00:00\" \/>\n<meta name=\"twitter:card\" content=\"summary_large_image\" \/>\n<meta name=\"twitter:label1\" content=\"Dur\u00e9e de lecture estim\u00e9e\" \/>\n\t<meta name=\"twitter:data1\" content=\"1 minute\" \/>\n<script type=\"application\/ld+json\" class=\"yoast-schema-graph\">{\"@context\":\"https:\\\/\\\/schema.org\",\"@graph\":[{\"@type\":\"WebPage\",\"@id\":\"http:\\\/\\\/garfer.net\\\/fr\\\/qui-sommes-nous\\\/\",\"url\":\"http:\\\/\\\/garfer.net\\\/fr\\\/qui-sommes-nous\\\/\",\"name\":\"QUI SOMMES-NOUS ? - GARFER\",\"isPartOf\":{\"@id\":\"https:\\\/\\\/garfer.net\\\/fr\\\/#website\"},\"datePublished\":\"2021-09-17T06:48:12+00:00\",\"dateModified\":\"2021-10-07T09:37:23+00:00\",\"breadcrumb\":{\"@id\":\"http:\\\/\\\/garfer.net\\\/fr\\\/qui-sommes-nous\\\/#breadcrumb\"},\"inLanguage\":\"fr-FR\",\"potentialAction\":[{\"@type\":\"ReadAction\",\"target\":[\"http:\\\/\\\/garfer.net\\\/fr\\\/qui-sommes-nous\\\/\"]}]},{\"@type\":\"BreadcrumbList\",\"@id\":\"http:\\\/\\\/garfer.net\\\/fr\\\/qui-sommes-nous\\\/#breadcrumb\",\"itemListElement\":[{\"@type\":\"ListItem\",\"position\":1,\"name\":\"Portada\",\"item\":\"http:\\\/\\\/garfer.net\\\/fr\\\/\"},{\"@type\":\"ListItem\",\"position\":2,\"name\":\"QUI SOMMES-NOUS ?\"}]},{\"@type\":\"WebSite\",\"@id\":\"https:\\\/\\\/garfer.net\\\/fr\\\/#website\",\"url\":\"https:\\\/\\\/garfer.net\\\/fr\\\/\",\"name\":\"GARFER\",\"description\":\"\",\"potentialAction\":[{\"@type\":\"SearchAction\",\"target\":{\"@type\":\"EntryPoint\",\"urlTemplate\":\"https:\\\/\\\/garfer.net\\\/fr\\\/?s={search_term_string}\"},\"query-input\":{\"@type\":\"PropertyValueSpecification\",\"valueRequired\":true,\"valueName\":\"search_term_string\"}}],\"inLanguage\":\"fr-FR\"}]}<\/script>\n<!-- \/ Yoast SEO plugin. -->","yoast_head_json":{"title":"QUI SOMMES-NOUS ? - GARFER","robots":{"index":"index","follow":"follow","max-snippet":"max-snippet:-1","max-image-preview":"max-image-preview:large","max-video-preview":"max-video-preview:-1"},"canonical":"http:\/\/garfer.net\/fr\/qui-sommes-nous\/","og_locale":"fr_FR","og_type":"article","og_title":"QUI SOMMES-NOUS ? - GARFER","og_description":"QUI SOMMES-NOUS ? HISTOIRE Tableros GARFER est une entreprise familiale, fruit de trois g\u00e9n\u00e9rations, ayant 70 ans d\u2019exp\u00e9rience dans le bois. \u00c0 l\u2019origine, elle se consacrait \u00e0 la scierie, et depuis les 50 derni\u00e8res ann\u00e9es elle se d\u00e9die au d\u00e9roulage du bois et \u00e0 la fabrication de planches. Nous travaillons avec des troncs de peuplier, [&hellip;]","og_url":"http:\/\/garfer.net\/fr\/qui-sommes-nous\/","og_site_name":"GARFER","article_modified_time":"2021-10-07T09:37:23+00:00","twitter_card":"summary_large_image","twitter_misc":{"Dur\u00e9e de lecture estim\u00e9e":"1 minute"},"schema":{"@context":"https:\/\/schema.org","@graph":[{"@type":"WebPage","@id":"http:\/\/garfer.net\/fr\/qui-sommes-nous\/","url":"http:\/\/garfer.net\/fr\/qui-sommes-nous\/","name":"QUI SOMMES-NOUS ? - GARFER","isPartOf":{"@id":"https:\/\/garfer.net\/fr\/#website"},"datePublished":"2021-09-17T06:48:12+00:00","dateModified":"2021-10-07T09:37:23+00:00","breadcrumb":{"@id":"http:\/\/garfer.net\/fr\/qui-sommes-nous\/#breadcrumb"},"inLanguage":"fr-FR","potentialAction":[{"@type":"ReadAction","target":["http:\/\/garfer.net\/fr\/qui-sommes-nous\/"]}]},{"@type":"BreadcrumbList","@id":"http:\/\/garfer.net\/fr\/qui-sommes-nous\/#breadcrumb","itemListElement":[{"@type":"ListItem","position":1,"name":"Portada","item":"http:\/\/garfer.net\/fr\/"},{"@type":"ListItem","position":2,"name":"QUI SOMMES-NOUS ?"}]},{"@type":"WebSite","@id":"https:\/\/garfer.net\/fr\/#website","url":"https:\/\/garfer.net\/fr\/","name":"GARFER","description":"","potentialAction":[{"@type":"SearchAction","target":{"@type":"EntryPoint","urlTemplate":"https:\/\/garfer.net\/fr\/?s={search_term_string}"},"query-input":{"@type":"PropertyValueSpecification","valueRequired":true,"valueName":"search_term_string"}}],"inLanguage":"fr-FR"}]}},"_links":{"self":[{"href":"http:\/\/garfer.net\/fr\/wp-json\/wp\/v2\/pages\/1360","targetHints":{"allow":["GET"]}}],"collection":[{"href":"http:\/\/garfer.net\/fr\/wp-json\/wp\/v2\/pages"}],"about":[{"href":"http:\/\/garfer.net\/fr\/wp-json\/wp\/v2\/types\/page"}],"author":[{"embeddable":true,"href":"http:\/\/garfer.net\/fr\/wp-json\/wp\/v2\/users\/1"}],"replies":[{"embeddable":true,"href":"http:\/\/garfer.net\/fr\/wp-json\/wp\/v2\/comments?post=1360"}],"version-history":[{"count":10,"href":"http:\/\/garfer.net\/fr\/wp-json\/wp\/v2\/pages\/1360\/revisions"}],"predecessor-version":[{"id":1701,"href":"http:\/\/garfer.net\/fr\/wp-json\/wp\/v2\/pages\/1360\/revisions\/1701"}],"wp:attachment":[{"href":"http:\/\/garfer.net\/fr\/wp-json\/wp\/v2\/media?parent=1360"}],"curies":[{"name":"wp","href":"https:\/\/api.w.org\/{rel}","templated":true}]}}